{"id":9,"date":"2025-11-08T18:17:35","date_gmt":"2025-11-08T18:17:35","guid":{"rendered":"https:\/\/store.smallerstudio.co.uk\/index.php\/sepet\/"},"modified":"2025-11-24T16:51:40","modified_gmt":"2025-11-24T16:51:40","slug":"sepet","status":"publish","type":"page","link":"https:\/\/store.smallerstudio.co.uk\/index.php\/sepet\/","title":{"rendered":"Sepet"},"content":{"rendered":"\n<div data-block-name=\"woocommerce\/cart\" class=\"wp-block-woocommerce-cart alignwide is-loading\">\n<div data-block-name=\"woocommerce\/filled-cart-block\" class=\"wp-block-woocommerce-filled-cart-block\">\n<div data-block-name=\"woocommerce\/cart-items-block\" class=\"wp-block-woocommerce-cart-items-block\">\n<div data-block-name=\"woocommerce\/cart-line-items-block\" class=\"wp-block-woocommerce-cart-line-items-block\"><\/div>\n\n\n<\/div>\n\n\n\n\n<div data-block-name=\"woocommerce\/cart-totals-block\" class=\"wp-block-woocommerce-cart-totals-block\">\n<div data-block-name=\"woocommerce\/cart-order-summary-block\" class=\"wp-block-woocommerce-cart-order-summary-block\">\n<div data-block-name=\"woocommerce\/cart-order-summary-heading-block\" class=\"wp-block-woocommerce-cart-order-summary-heading-block\"><\/div><div data-block-name=\"woocommerce\/cart-order-summary-coupon-form-block\" class=\"wp-block-woocommerce-cart-order-summary-coupon-form-block\"><\/div><div data-block-name=\"woocommerce\/cart-order-summary-totals-block\" class=\"wp-block-woocommerce-cart-order-summary-totals-block\">\n<div data-block-name=\"woocommerce\/cart-order-summary-subtotal-block\" class=\"wp-block-woocommerce-cart-order-summary-subtotal-block\"><\/div>\n<div data-block-name=\"woocommerce\/cart-order-summary-discount-block\" class=\"wp-block-woocommerce-cart-order-summary-discount-block\"><\/div>\n<div data-block-name=\"woocommerce\/cart-order-summary-fee-block\" class=\"wp-block-woocommerce-cart-order-summary-fee-block\"><\/div>\n<div data-block-name=\"woocommerce\/cart-order-summary-shipping-block\" class=\"wp-block-woocommerce-cart-order-summary-shipping-block\"><\/div>\n<div data-block-name=\"woocommerce\/cart-order-summary-taxes-block\" class=\"wp-block-woocommerce-cart-order-summary-taxes-block\"><\/div><\/div>\n<\/div>\n\n\n\n<div data-block-name=\"woocommerce\/cart-express-payment-block\" class=\"wp-block-woocommerce-cart-express-payment-block\"><\/div>\n\n\n\n<div data-block-name=\"woocommerce\/proceed-to-checkout-block\" class=\"wp-block-woocommerce-proceed-to-checkout-block\"><\/div>\n\n\n\n<div data-block-name=\"woocommerce\/cart-accepted-payment-methods-block\" class=\"wp-block-woocommerce-cart-accepted-payment-methods-block\"><\/div>\n<\/div>\n<\/div>\n\n\n\n<div data-block-name=\"woocommerce\/empty-cart-block\" class=\"wp-block-woocommerce-empty-cart-block\">\n<h2 class=\"wp-block-heading has-text-align-center with-empty-cart-icon wc-block-cart__empty-cart__title\">Sepetiniz \u015fu anda bo\u015f!<\/h2>\n\n\n\n<hr class=\"wp-block-separator has-alpha-channel-opacity is-style-dots\"\/>\n\n\n\n<h2 class=\"wp-block-heading has-text-align-center\">Ma\u011fazada yeni<\/h2>\n\n\n<div data-block-name=\"woocommerce\/product-new\" data-columns=\"4\" data-rows=\"1\" class=\"wc-block-grid wp-block-product-new wp-block-woocommerce-product-new wc-block-product-new has-4-columns\"><ul class=\"wc-block-grid__products\"><li class=\"wc-block-grid__product\">\n\t\t\t\t<a href=\"https:\/\/store.smallerstudio.co.uk\/index.php\/urun\/long-scrub-brush\/\" class=\"wc-block-grid__product-link\">\n\t\t\t\t\t\n\t\t\t\t\t<div class=\"wc-block-grid__product-image\"><img loading=\"lazy\" decoding=\"async\" width=\"300\" height=\"300\" src=\"https:\/\/store.smallerstudio.co.uk\/wp-content\/uploads\/2021\/02\/scrub-1-300x300.jpg\" class=\"attachment-woocommerce_thumbnail size-woocommerce_thumbnail\" alt=\"Long Scrub Brush\" srcset=\"https:\/\/store.smallerstudio.co.uk\/wp-content\/uploads\/2021\/02\/scrub-1-300x300.jpg 300w, https:\/\/store.smallerstudio.co.uk\/wp-content\/uploads\/2021\/02\/scrub-1-150x150.jpg 150w\" sizes=\"auto, (max-width: 300px) 100vw, 300px\" \/><\/div>\n\t\t\t\t\t<div class=\"wc-block-grid__product-title\">Long Scrub Brush<\/div>\n\t\t\t\t<\/a>\n\t\t\t\t<div class=\"wc-block-grid__product-price price\"><span class=\"woocommerce-Price-amount amount\"><span class=\"woocommerce-Price-currencySymbol\">&pound;<\/span>29.99<\/span><\/div>\n\t\t\t\t<div class=\"wc-block-grid__product-rating\"><div class=\"star-rating\" role=\"img\" aria-label=\"5 \u00fczerinden 4.50 oy ald\u0131\"><span style=\"width:90%\"><span class=\"rating\">2<\/span> m\u00fc\u015fteri puan\u0131na dayanarak 5 \u00fczerinden <strong class=\"rating\">4.50<\/strong> puan ald\u0131<\/span><\/div><\/div>\n\t\t\t\t<div class=\"wp-block-button wc-block-grid__product-add-to-cart\"><a href=\"\/index.php\/wp-json\/wp\/v2\/pages\/9?add-to-cart=1535\" aria-label=\"Sepete ekle: \u201cLong Scrub Brush\u201d\" data-quantity=\"1\" data-product_id=\"1535\" data-product_sku=\"\" data-price=\"29.99\" rel=\"nofollow\" class=\"wp-block-button__link  add_to_cart_button ajax_add_to_cart\">Sepete Ekle<\/a><\/div>\n\t\t\t<\/li><li class=\"wc-block-grid__product\">\n\t\t\t\t<a href=\"https:\/\/store.smallerstudio.co.uk\/index.php\/urun\/glycolic-acid-toner\/\" class=\"wc-block-grid__product-link\">\n\t\t\t\t\t\n\t\t\t\t\t<div class=\"wc-block-grid__product-image\"><img loading=\"lazy\" decoding=\"async\" width=\"300\" height=\"300\" src=\"https:\/\/store.smallerstudio.co.uk\/wp-content\/uploads\/2021\/02\/tube3-300x300.jpg\" class=\"attachment-woocommerce_thumbnail size-woocommerce_thumbnail\" alt=\"Glycolic Acid Toner\" srcset=\"https:\/\/store.smallerstudio.co.uk\/wp-content\/uploads\/2021\/02\/tube3-300x300.jpg 300w, https:\/\/store.smallerstudio.co.uk\/wp-content\/uploads\/2021\/02\/tube3-150x150.jpg 150w\" sizes=\"auto, (max-width: 300px) 100vw, 300px\" \/><\/div>\n\t\t\t\t\t<div class=\"wc-block-grid__product-title\">Glycolic Acid Toner<\/div>\n\t\t\t\t<\/a>\n\t\t\t\t<div class=\"wc-block-grid__product-price price\"><span class=\"woocommerce-Price-amount amount\"><span class=\"woocommerce-Price-currencySymbol\">&pound;<\/span>60.00<\/span><\/div>\n\t\t\t\t<div class=\"wc-block-grid__product-rating\"><div class=\"star-rating\" role=\"img\" aria-label=\"5 \u00fczerinden 4.50 oy ald\u0131\"><span style=\"width:90%\"><span class=\"rating\">2<\/span> m\u00fc\u015fteri puan\u0131na dayanarak 5 \u00fczerinden <strong class=\"rating\">4.50<\/strong> puan ald\u0131<\/span><\/div><\/div>\n\t\t\t\t<div class=\"wp-block-button wc-block-grid__product-add-to-cart\"><a href=\"\/index.php\/wp-json\/wp\/v2\/pages\/9?add-to-cart=1477\" aria-label=\"Sepete ekle: \u201cGlycolic Acid Toner\u201d\" data-quantity=\"1\" data-product_id=\"1477\" data-product_sku=\"\" data-price=\"60\" rel=\"nofollow\" class=\"wp-block-button__link  add_to_cart_button ajax_add_to_cart\">Sepete Ekle<\/a><\/div>\n\t\t\t<\/li><li class=\"wc-block-grid__product\">\n\t\t\t\t<a href=\"https:\/\/store.smallerstudio.co.uk\/index.php\/urun\/bha-liquid-exfoliant\/\" class=\"wc-block-grid__product-link\">\n\t\t\t\t\t\n\t\t\t\t\t<div class=\"wc-block-grid__product-image\"><img loading=\"lazy\" decoding=\"async\" width=\"300\" height=\"300\" src=\"https:\/\/store.smallerstudio.co.uk\/wp-content\/uploads\/2021\/02\/black-bottle-300x300.jpg\" class=\"attachment-woocommerce_thumbnail size-woocommerce_thumbnail\" alt=\"BHA Liquid Exfoliant\" srcset=\"https:\/\/store.smallerstudio.co.uk\/wp-content\/uploads\/2021\/02\/black-bottle-300x300.jpg 300w, https:\/\/store.smallerstudio.co.uk\/wp-content\/uploads\/2021\/02\/black-bottle-150x150.jpg 150w\" sizes=\"auto, (max-width: 300px) 100vw, 300px\" \/><\/div>\n\t\t\t\t\t<div class=\"wc-block-grid__product-title\">BHA Liquid Exfoliant<\/div>\n\t\t\t\t<\/a>\n\t\t\t\t<div class=\"wc-block-grid__product-price price\"><span class=\"woocommerce-Price-amount amount\"><span class=\"woocommerce-Price-currencySymbol\">&pound;<\/span>50.00<\/span><\/div>\n\t\t\t\t<div class=\"wc-block-grid__product-rating\"><div class=\"star-rating\" role=\"img\" aria-label=\"5 \u00fczerinden 4.00 oy ald\u0131\"><span style=\"width:80%\"><span class=\"rating\">1<\/span> m\u00fc\u015fteri puan\u0131na dayanarak 5 \u00fczerinden <strong class=\"rating\">4.00<\/strong> puan ald\u0131<\/span><\/div><\/div>\n\t\t\t\t<div class=\"wp-block-button wc-block-grid__product-add-to-cart\"><a href=\"\/index.php\/wp-json\/wp\/v2\/pages\/9?add-to-cart=1475\" aria-label=\"Sepete ekle: \u201cBHA Liquid Exfoliant\u201d\" data-quantity=\"1\" data-product_id=\"1475\" data-product_sku=\"\" data-price=\"50\" rel=\"nofollow\" class=\"wp-block-button__link  add_to_cart_button ajax_add_to_cart\">Sepete Ekle<\/a><\/div>\n\t\t\t<\/li><li class=\"wc-block-grid__product\">\n\t\t\t\t<a href=\"https:\/\/store.smallerstudio.co.uk\/index.php\/urun\/once-daily-vitamin-c-blast\/\" class=\"wc-block-grid__product-link\">\n\t\t\t\t\t\n\t\t\t\t\t<div class=\"wc-block-grid__product-image\"><img loading=\"lazy\" decoding=\"async\" width=\"300\" height=\"300\" src=\"https:\/\/store.smallerstudio.co.uk\/wp-content\/uploads\/2021\/02\/blue-300x300.jpg\" class=\"attachment-woocommerce_thumbnail size-woocommerce_thumbnail\" alt=\"Once Daily Vitamin C Blast\" srcset=\"https:\/\/store.smallerstudio.co.uk\/wp-content\/uploads\/2021\/02\/blue-300x300.jpg 300w, https:\/\/store.smallerstudio.co.uk\/wp-content\/uploads\/2021\/02\/blue-150x150.jpg 150w\" sizes=\"auto, (max-width: 300px) 100vw, 300px\" \/><\/div>\n\t\t\t\t\t<div class=\"wc-block-grid__product-title\">Once Daily Vitamin C Blast<\/div>\n\t\t\t\t<\/a>\n\t\t\t\t<div class=\"wc-block-grid__product-price price\"><span class=\"woocommerce-Price-amount amount\"><span class=\"woocommerce-Price-currencySymbol\">&pound;<\/span>40.00<\/span><\/div>\n\t\t\t\t\n\t\t\t\t<div class=\"wp-block-button wc-block-grid__product-add-to-cart\"><a href=\"\/index.php\/wp-json\/wp\/v2\/pages\/9?add-to-cart=1473\" aria-label=\"Sepete ekle: \u201cOnce Daily Vitamin C Blast\u201d\" data-quantity=\"1\" data-product_id=\"1473\" data-product_sku=\"\" data-price=\"40\" rel=\"nofollow\" class=\"wp-block-button__link  add_to_cart_button ajax_add_to_cart\">Sepete Ekle<\/a><\/div>\n\t\t\t<\/li><\/ul><\/div><\/div>\n<\/div>\n","protected":false},"excerpt":{"rendered":"\u0130lginizi \u00e7ekebilir&hellip; Sepetiniz \u015fu anda bo\u015f! Ma\u011fazada yeni","protected":false},"author":1,"featured_media":0,"parent":0,"menu_order":0,"comment_status":"closed","ping_status":"closed","template":"","meta":{"footnotes":""},"class_list":["post-9","page","type-page","status-publish"],"_links":{"self":[{"href":"https:\/\/store.smallerstudio.co.uk\/index.php\/wp-json\/wp\/v2\/pages\/9","targetHints":{"allow":["GET"]}}],"collection":[{"href":"https:\/\/store.smallerstudio.co.uk\/index.php\/wp-json\/wp\/v2\/pages"}],"about":[{"href":"https:\/\/store.smallerstudio.co.uk\/index.php\/wp-json\/wp\/v2\/types\/page"}],"author":[{"embeddable":true,"href":"https:\/\/store.smallerstudio.co.uk\/index.php\/wp-json\/wp\/v2\/users\/1"}],"replies":[{"embeddable":true,"href":"https:\/\/store.smallerstudio.co.uk\/index.php\/wp-json\/wp\/v2\/comments?post=9"}],"version-history":[{"count":1,"href":"https:\/\/store.smallerstudio.co.uk\/index.php\/wp-json\/wp\/v2\/pages\/9\/revisions"}],"predecessor-version":[{"id":1700,"href":"https:\/\/store.smallerstudio.co.uk\/index.php\/wp-json\/wp\/v2\/pages\/9\/revisions\/1700"}],"wp:attachment":[{"href":"https:\/\/store.smallerstudio.co.uk\/index.php\/wp-json\/wp\/v2\/media?parent=9"}],"curies":[{"name":"wp","href":"https:\/\/api.w.org\/{rel}","templated":true}]}}